{"id":159,"date":"2021-10-28T11:29:38","date_gmt":"2021-10-28T14:29:38","guid":{"rendered":"https:\/\/seeker.tec.br\/?page_id=159"},"modified":"2022-12-09T15:26:03","modified_gmt":"2022-12-09T18:26:03","slug":"site-em-construcao","status":"publish","type":"page","link":"https:\/\/seeker.tec.br\/en\/site-em-construcao\/","title":{"rendered":"Site em constru\u00e7\u00e3o"},"content":{"rendered":"<div data-elementor-type=\"wp-page\" data-elementor-id=\"159\" class=\"elementor elementor-159\">\n\t\t\t\t<div class=\"elementor-element elementor-element-ae1f4ab e-flex e-con-boxed e-con e-parent\" data-id=\"ae1f4ab\" data-element_type=\"container\" data-e-type=\"container\" data-settings=\"{&quot;background_background&quot;:&quot;classic&quot;}\">\n\t\t\t\t\t<div class=\"e-con-inner\">\n\t\t\t\t<div class=\"elementor-element elementor-element-3366349 elementor-widget__width-initial elementor-widget elementor-widget-image\" data-id=\"3366349\" data-element_type=\"widget\" data-e-type=\"widget\" data-widget_type=\"image.default\">\n\t\t\t\t<div class=\"elementor-widget-container\">\n\t\t\t\t\t\t\t\t\t\t\t\t\t\t\t<img fetchpriority=\"high\" decoding=\"async\" width=\"400\" height=\"306\" src=\"https:\/\/seeker.tec.br\/wp-content\/uploads\/2018\/09\/inspecao-industrial-38.png\" class=\"attachment-large size-large wp-image-222\" alt=\"logo\" srcset=\"https:\/\/seeker.tec.br\/wp-content\/uploads\/2018\/09\/inspecao-industrial-38.png 400w, https:\/\/seeker.tec.br\/wp-content\/uploads\/2018\/09\/inspecao-industrial-38-300x230.png 300w, https:\/\/seeker.tec.br\/wp-content\/uploads\/2018\/09\/inspecao-industrial-38-16x12.png 16w\" sizes=\"(max-width: 400px) 100vw, 400px\" \/>\t\t\t\t\t\t\t\t\t\t\t\t\t\t\t<\/div>\n\t\t\t\t<\/div>\n\t\t<div class=\"elementor-element elementor-element-2506b7f e-flex e-con-boxed e-con e-child\" data-id=\"2506b7f\" data-element_type=\"container\" data-e-type=\"container\">\n\t\t\t\t\t<div class=\"e-con-inner\">\n\t\t<div class=\"elementor-element elementor-element-f64e18f e-con-full e-flex e-con e-child\" data-id=\"f64e18f\" data-element_type=\"container\" data-e-type=\"container\">\n\t\t\t\t<div class=\"elementor-element elementor-element-74679d4 elementor-widget__width-initial elementor-widget-tablet__width-initial elementor-invisible elementor-widget elementor-widget-heading\" data-id=\"74679d4\" data-element_type=\"widget\" data-e-type=\"widget\" data-settings=\"{&quot;_animation&quot;:&quot;fadeInDown&quot;}\" data-widget_type=\"heading.default\">\n\t\t\t\t<div class=\"elementor-widget-container\">\n\t\t\t\t\t<h2 class=\"elementor-heading-title elementor-size-default\">site em constru\u00e7\u00e3o<\/h2>\t\t\t\t<\/div>\n\t\t\t\t<\/div>\n\t\t\t\t<\/div>\n\t\t<div class=\"elementor-element elementor-element-5b4323b e-flex e-con-boxed e-con e-child\" data-id=\"5b4323b\" data-element_type=\"container\" data-e-type=\"container\">\n\t\t\t\t\t<div class=\"e-con-inner\">\n\t\t\t\t\t<\/div>\n\t\t\t\t<\/div>\n\t\t\t\t\t<\/div>\n\t\t\t\t<\/div>\n\t\t\t\t\t<\/div>\n\t\t\t\t<\/div>\n\t\t<div class=\"elementor-element elementor-element-957aee1 e-flex e-con-boxed e-con e-parent\" data-id=\"957aee1\" data-element_type=\"container\" data-e-type=\"container\" data-settings=\"{&quot;background_background&quot;:&quot;classic&quot;}\">\n\t\t\t\t\t<div class=\"e-con-inner\">\n\t\t<div class=\"elementor-element elementor-element-4973216 e-flex e-con-boxed e-con e-child\" data-id=\"4973216\" data-element_type=\"container\" data-e-type=\"container\">\n\t\t\t\t\t<div class=\"e-con-inner\">\n\t\t\t\t<div class=\"elementor-element elementor-element-c64e64a elementor-widget__width-initial elementor-widget elementor-widget-heading\" data-id=\"c64e64a\" data-element_type=\"widget\" data-e-type=\"widget\" data-widget_type=\"heading.default\">\n\t\t\t\t<div class=\"elementor-widget-container\">\n\t\t\t\t\t<h2 class=\"elementor-heading-title elementor-size-default\">Fale conosco<\/h2>\t\t\t\t<\/div>\n\t\t\t\t<\/div>\n\t\t\t\t<div class=\"elementor-element elementor-element-765415c elementor-widget__width-initial elementor-widget elementor-widget-text-editor\" data-id=\"765415c\" data-element_type=\"widget\" data-e-type=\"widget\" data-widget_type=\"text-editor.default\">\n\t\t\t\t<div class=\"elementor-widget-container\">\n\t\t\t\t\t\t\t\t\t<p><a style=\"color: #fff;\" href=\"https:\/\/wa.me\/5581996814444\"><span style=\"color: #f5a94e;\">Telefone<\/span> (81) 99681-4444 <img decoding=\"async\" src=\"https:\/\/seeker.tec.br\/wp-content\/uploads\/2018\/09\/inspecao-industrial-19.svg\" \/><\/a><br \/><a style=\"color: #fff;\" href=\"mailto:seeker@outlook.com.br\"><span style=\"color: #f5a94e;\">E-mail<\/span> seeker@outlook.com.br<\/a><\/p>\t\t\t\t\t\t\t\t<\/div>\n\t\t\t\t<\/div>\n\t\t\t\t\t<\/div>\n\t\t\t\t<\/div>\n\t\t\t\t\t<\/div>\n\t\t\t\t<\/div>\n\t\t<div class=\"elementor-element elementor-element-5db86ec e-flex e-con-boxed e-con e-parent\" data-id=\"5db86ec\" data-element_type=\"container\" data-e-type=\"container\">\n\t\t\t\t\t<div class=\"e-con-inner\">\n\t\t<div class=\"elementor-element elementor-element-4548924 e-con-full e-flex e-con e-child\" data-id=\"4548924\" data-element_type=\"container\" data-e-type=\"container\">\n\t\t\t\t<div class=\"elementor-element elementor-element-4a6c02a elementor-widget elementor-widget-heading\" data-id=\"4a6c02a\" data-element_type=\"widget\" data-e-type=\"widget\" data-widget_type=\"heading.default\">\n\t\t\t\t<div class=\"elementor-widget-container\">\n\t\t\t\t\t<h2 class=\"elementor-heading-title elementor-size-default\"><a href=\"https:\/\/upsites.digital\/\" target=\"_blank\">Cria\u00e7\u00e3o de site por UpSites<\/a><\/h2>\t\t\t\t<\/div>\n\t\t\t\t<\/div>\n\t\t\t\t<\/div>\n\t\t\t\t\t<\/div>\n\t\t\t\t<\/div>\n\t\t\t\t<\/div>","protected":false},"excerpt":{"rendered":"<p>site em constru\u00e7\u00e3o Fale conosco Telefone (81) 99681-4444 E-mail seeker@outlook.com.br Cria\u00e7\u00e3o de site por UpSites<\/p>","protected":false},"author":2,"featured_media":0,"parent":0,"menu_order":0,"comment_status":"closed","ping_status":"closed","template":"","meta":{"footnotes":""},"class_list":["post-159","page","type-page","status-publish","hentry"],"yoast_head":"<!-- This site is optimized with the Yoast SEO plugin v27.3 - https:\/\/yoast.com\/product\/yoast-seo-wordpress\/ -->\n<title>Site em constru\u00e7\u00e3o - Seeker<\/title>\n<meta name=\"robots\" content=\"index, follow, max-snippet:-1, max-image-preview:large, max-video-preview:-1\" \/>\n<link rel=\"canonical\" href=\"https:\/\/seeker.tec.br\/en\/site-em-construcao\/\" \/>\n<meta property=\"og:locale\" content=\"en_US\" \/>\n<meta property=\"og:type\" content=\"article\" \/>\n<meta property=\"og:title\" content=\"Site em constru\u00e7\u00e3o - Seeker\" \/>\n<meta property=\"og:description\" content=\"site em constru\u00e7\u00e3o Fale conosco Telefone (81) 99681-4444 E-mail seeker@outlook.com.br Cria\u00e7\u00e3o de site por UpSites\" \/>\n<meta property=\"og:url\" content=\"https:\/\/seeker.tec.br\/en\/site-em-construcao\/\" \/>\n<meta property=\"og:site_name\" content=\"Seeker\" \/>\n<meta property=\"article:modified_time\" content=\"2022-12-09T18:26:03+00:00\" \/>\n<meta property=\"og:image\" content=\"https:\/\/seeker.tec.br\/wp-content\/uploads\/2018\/09\/inspecao-industrial-38.png\" \/>\n<meta name=\"twitter:card\" content=\"summary_large_image\" \/>\n<meta name=\"twitter:label1\" content=\"Est. reading time\" \/>\n\t<meta name=\"twitter:data1\" content=\"1 minute\" \/>\n<script type=\"application\/ld+json\" class=\"yoast-schema-graph\">{\"@context\":\"https:\\\/\\\/schema.org\",\"@graph\":[{\"@type\":\"WebPage\",\"@id\":\"https:\\\/\\\/seeker.tec.br\\\/site-em-construcao\\\/\",\"url\":\"https:\\\/\\\/seeker.tec.br\\\/site-em-construcao\\\/\",\"name\":\"Site em constru\u00e7\u00e3o - Seeker\",\"isPartOf\":{\"@id\":\"https:\\\/\\\/seeker.tec.br\\\/#website\"},\"primaryImageOfPage\":{\"@id\":\"https:\\\/\\\/seeker.tec.br\\\/site-em-construcao\\\/#primaryimage\"},\"image\":{\"@id\":\"https:\\\/\\\/seeker.tec.br\\\/site-em-construcao\\\/#primaryimage\"},\"thumbnailUrl\":\"https:\\\/\\\/seeker.tec.br\\\/wp-content\\\/uploads\\\/2018\\\/09\\\/inspecao-industrial-38.png\",\"datePublished\":\"2021-10-28T14:29:38+00:00\",\"dateModified\":\"2022-12-09T18:26:03+00:00\",\"inLanguage\":\"en-US\",\"potentialAction\":[{\"@type\":\"ReadAction\",\"target\":[\"https:\\\/\\\/seeker.tec.br\\\/site-em-construcao\\\/\"]}]},{\"@type\":\"ImageObject\",\"inLanguage\":\"en-US\",\"@id\":\"https:\\\/\\\/seeker.tec.br\\\/site-em-construcao\\\/#primaryimage\",\"url\":\"https:\\\/\\\/seeker.tec.br\\\/wp-content\\\/uploads\\\/2018\\\/09\\\/inspecao-industrial-38.png\",\"contentUrl\":\"https:\\\/\\\/seeker.tec.br\\\/wp-content\\\/uploads\\\/2018\\\/09\\\/inspecao-industrial-38.png\"},{\"@type\":\"WebSite\",\"@id\":\"https:\\\/\\\/seeker.tec.br\\\/#website\",\"url\":\"https:\\\/\\\/seeker.tec.br\\\/\",\"name\":\"Seeker\",\"description\":\"Servi\u00e7os de Inspe\u00e7\u00e3o\",\"publisher\":{\"@id\":\"https:\\\/\\\/seeker.tec.br\\\/#organization\"},\"potentialAction\":[{\"@type\":\"SearchAction\",\"target\":{\"@type\":\"EntryPoint\",\"urlTemplate\":\"https:\\\/\\\/seeker.tec.br\\\/?s={search_term_string}\"},\"query-input\":{\"@type\":\"PropertyValueSpecification\",\"valueRequired\":true,\"valueName\":\"search_term_string\"}}],\"inLanguage\":\"en-US\"},{\"@type\":\"Organization\",\"@id\":\"https:\\\/\\\/seeker.tec.br\\\/#organization\",\"name\":\"Seeker\",\"url\":\"https:\\\/\\\/seeker.tec.br\\\/\",\"logo\":{\"@type\":\"ImageObject\",\"inLanguage\":\"en-US\",\"@id\":\"https:\\\/\\\/seeker.tec.br\\\/#\\\/schema\\\/logo\\\/image\\\/\",\"url\":\"https:\\\/\\\/seeker.tec.br\\\/wp-content\\\/uploads\\\/2018\\\/09\\\/inspecao-industrial-38.png\",\"contentUrl\":\"https:\\\/\\\/seeker.tec.br\\\/wp-content\\\/uploads\\\/2018\\\/09\\\/inspecao-industrial-38.png\",\"width\":400,\"height\":306,\"caption\":\"Seeker\"},\"image\":{\"@id\":\"https:\\\/\\\/seeker.tec.br\\\/#\\\/schema\\\/logo\\\/image\\\/\"}}]}<\/script>\n<!-- \/ Yoast SEO plugin. -->","yoast_head_json":{"title":"Site em constru\u00e7\u00e3o - Seeker","robots":{"index":"index","follow":"follow","max-snippet":"max-snippet:-1","max-image-preview":"max-image-preview:large","max-video-preview":"max-video-preview:-1"},"canonical":"https:\/\/seeker.tec.br\/en\/site-em-construcao\/","og_locale":"en_US","og_type":"article","og_title":"Site em constru\u00e7\u00e3o - Seeker","og_description":"site em constru\u00e7\u00e3o Fale conosco Telefone (81) 99681-4444 E-mail seeker@outlook.com.br Cria\u00e7\u00e3o de site por UpSites","og_url":"https:\/\/seeker.tec.br\/en\/site-em-construcao\/","og_site_name":"Seeker","article_modified_time":"2022-12-09T18:26:03+00:00","og_image":[{"url":"https:\/\/seeker.tec.br\/wp-content\/uploads\/2018\/09\/inspecao-industrial-38.png","type":"","width":"","height":""}],"twitter_card":"summary_large_image","twitter_misc":{"Est. reading time":"1 minute"},"schema":{"@context":"https:\/\/schema.org","@graph":[{"@type":"WebPage","@id":"https:\/\/seeker.tec.br\/site-em-construcao\/","url":"https:\/\/seeker.tec.br\/site-em-construcao\/","name":"Site em constru\u00e7\u00e3o - Seeker","isPartOf":{"@id":"https:\/\/seeker.tec.br\/#website"},"primaryImageOfPage":{"@id":"https:\/\/seeker.tec.br\/site-em-construcao\/#primaryimage"},"image":{"@id":"https:\/\/seeker.tec.br\/site-em-construcao\/#primaryimage"},"thumbnailUrl":"https:\/\/seeker.tec.br\/wp-content\/uploads\/2018\/09\/inspecao-industrial-38.png","datePublished":"2021-10-28T14:29:38+00:00","dateModified":"2022-12-09T18:26:03+00:00","inLanguage":"en-US","potentialAction":[{"@type":"ReadAction","target":["https:\/\/seeker.tec.br\/site-em-construcao\/"]}]},{"@type":"ImageObject","inLanguage":"en-US","@id":"https:\/\/seeker.tec.br\/site-em-construcao\/#primaryimage","url":"https:\/\/seeker.tec.br\/wp-content\/uploads\/2018\/09\/inspecao-industrial-38.png","contentUrl":"https:\/\/seeker.tec.br\/wp-content\/uploads\/2018\/09\/inspecao-industrial-38.png"},{"@type":"WebSite","@id":"https:\/\/seeker.tec.br\/#website","url":"https:\/\/seeker.tec.br\/","name":"Seeker","description":"Servi\u00e7os de Inspe\u00e7\u00e3o","publisher":{"@id":"https:\/\/seeker.tec.br\/#organization"},"potentialAction":[{"@type":"SearchAction","target":{"@type":"EntryPoint","urlTemplate":"https:\/\/seeker.tec.br\/?s={search_term_string}"},"query-input":{"@type":"PropertyValueSpecification","valueRequired":true,"valueName":"search_term_string"}}],"inLanguage":"en-US"},{"@type":"Organization","@id":"https:\/\/seeker.tec.br\/#organization","name":"Seeker","url":"https:\/\/seeker.tec.br\/","logo":{"@type":"ImageObject","inLanguage":"en-US","@id":"https:\/\/seeker.tec.br\/#\/schema\/logo\/image\/","url":"https:\/\/seeker.tec.br\/wp-content\/uploads\/2018\/09\/inspecao-industrial-38.png","contentUrl":"https:\/\/seeker.tec.br\/wp-content\/uploads\/2018\/09\/inspecao-industrial-38.png","width":400,"height":306,"caption":"Seeker"},"image":{"@id":"https:\/\/seeker.tec.br\/#\/schema\/logo\/image\/"}}]}},"_links":{"self":[{"href":"https:\/\/seeker.tec.br\/en\/wp-json\/wp\/v2\/pages\/159","targetHints":{"allow":["GET"]}}],"collection":[{"href":"https:\/\/seeker.tec.br\/en\/wp-json\/wp\/v2\/pages"}],"about":[{"href":"https:\/\/seeker.tec.br\/en\/wp-json\/wp\/v2\/types\/page"}],"author":[{"embeddable":true,"href":"https:\/\/seeker.tec.br\/en\/wp-json\/wp\/v2\/users\/2"}],"replies":[{"embeddable":true,"href":"https:\/\/seeker.tec.br\/en\/wp-json\/wp\/v2\/comments?post=159"}],"version-history":[{"count":8,"href":"https:\/\/seeker.tec.br\/en\/wp-json\/wp\/v2\/pages\/159\/revisions"}],"predecessor-version":[{"id":469,"href":"https:\/\/seeker.tec.br\/en\/wp-json\/wp\/v2\/pages\/159\/revisions\/469"}],"wp:attachment":[{"href":"https:\/\/seeker.tec.br\/en\/wp-json\/wp\/v2\/media?parent=159"}],"curies":[{"name":"wp","href":"https:\/\/api.w.org\/{rel}","templated":true}]}}